{"id":2274,"date":"2020-02-28T03:31:32","date_gmt":"2020-02-28T03:31:32","guid":{"rendered":"http:\/\/wpdemo.archiwp.com\/engitech\/?page_id=2274"},"modified":"2025-12-29T18:33:33","modified_gmt":"2025-12-29T18:33:33","slug":"home","status":"publish","type":"page","link":"https:\/\/drv.trading\/de\/","title":{"rendered":"Home"},"content":{"rendered":"<div data-elementor-type=\"wp-page\" data-elementor-id=\"2274\" class=\"elementor elementor-2274\">\n\t\t\t\t\t\t<section class=\"elementor-section elementor-top-section elementor-element elementor-element-367e59d ot-traditional elementor-section-boxed elementor-section-height-default elementor-section-height-default\" data-id=\"367e59d\" data-element_type=\"section\" id=\"we-are\" data-settings=\"{&quot;background_background&quot;:&quot;classic&quot;}\">\n\t\t\t\t\t\t<div class=\"elementor-container elementor-column-gap-default\">\n\t\t\t\t\t<div class=\"elementor-column elementor-col-100 elementor-top-column elementor-element elementor-element-19b873b ot-flex-column-vertical\" data-id=\"19b873b\" data-element_type=\"column\">\n\t\t\t<div class=\"elementor-widget-wrap elementor-element-populated\">\n\t\t\t\t\t\t<div class=\"elementor-element elementor-element-a50a81d elementor-widget elementor-widget-slider_revolution\" data-id=\"a50a81d\" data-element_type=\"widget\" data-widget_type=\"slider_revolution.default\">\n\t\t\t\t<div class=\"elementor-widget-container\">\n\t\t\t\t\t\n\t\t<div class=\"wp-block-themepunch-revslider\">\n\t\t\t\t<p class=\"rs-p-wp-fix\"><\/p>\n\t\t\t\t<sr7-module data-alias=\"home-1\" data-id=\"1\" id=\"SR7_1_1\" class=\"rs-ov-hidden\" data-version=\"6.7.12\">\n\t\t\t\t\t<sr7-adjuster><\/sr7-adjuster>\n\t\t\t\t\t<sr7-content>\n\t\t\t\t\t\t<sr7-slide id=\"SR7_1_1-1\" data-key=\"1\">\n\t\t\t\t\t\t\t<sr7-bg id=\"SR7_1_1-1-10\" class=\"sr7-layer\"><noscript><img decoding=\"async\" src=\"https:\/\/drv.trading\/wp-content\/uploads\/2025\/12\/drv_s1-scaled.png\" alt=\"\" title=\"drv_s1\"><\/noscript><\/sr7-bg>\n\t\t\t\t\t\t\t<sr7-txt id=\"SR7_1_1-1-0\" class=\"sr7-layer\">die r\u00f6mische Verbindung<\/sr7-txt>\n\t\t\t\t\t\t\t<sr7-txt id=\"SR7_1_1-1-1\" class=\"sr7-layer\">Die R\u00f6mer schufen eine umfassende Infrastruktur, um Waren h\u00f6chster Qualit\u00e4t im gesamten Mittelmeerraum zu handeln.<br \/><\/sr7-txt>\n\t\t\t\t\t\t\t<sr7-txt id=\"SR7_1_1-1-9\" class=\"sr7-layer\">Wir m\u00f6chten in ihre Fu\u00dfstapfen treten.<\/sr7-txt>\n\t\t\t\t\t\t<\/sr7-slide>\n\t\t\t\t\t\t<sr7-slide id=\"SR7_1_1-2\" data-key=\"2\">\n\t\t\t\t\t\t\t<sr7-bg id=\"SR7_1_1-2-10\" class=\"sr7-layer\"><noscript><img decoding=\"async\" src=\"http:\/\/drv.trading\/wp-content\/uploads\/2024\/06\/right-from-producer.jpg\" alt=\"\" title=\"right from producer\"><\/noscript><\/sr7-bg>\n\t\t\t\t\t\t\t<sr7-txt id=\"SR7_1_1-2-1\" class=\"sr7-layer\">Wir arbeiten sowohl mit Produzenten als auch mit Einzelh\u00e4ndler zusammen,<br \/>\num gemeinsam der Inflation entgegenzuwirken<br \/>\nund dem Endverbraucher das beste Preis-Leistungs-Verh\u00e4ltnis bieten zu k\u00f6nnen.<\/sr7-txt>\n\t\t\t\t\t\t\t<sr7-txt id=\"SR7_1_1-2-9\" class=\"sr7-layer\">\"Efficiency Partners\" der Produzenten<br \/>\n\"Discovery Partners\" der Einzelh\u00e4ndler<\/sr7-txt>\n\t\t\t\t\t\t<\/sr7-slide>\n\t\t\t\t\t\t<sr7-slide id=\"SR7_1_1-10\" data-key=\"10\">\n\t\t\t\t\t\t\t<sr7-bg id=\"SR7_1_1-10-10\" class=\"sr7-layer\"><noscript><img decoding=\"async\" src=\"https:\/\/drv.trading\/wp-content\/uploads\/2024\/09\/growth.jpg\" alt=\"\" title=\"growth\"><\/noscript><\/sr7-bg>\n\t\t\t\t\t\t\t<sr7-txt id=\"SR7_1_1-10-1\" class=\"sr7-layer\">Wir f\u00f6rdern das Wachstum unserer Partner durch eine internationale und marktorientierte Denkweise,<br \/>\ndie auf fundierten sozio\u00f6konomischen Analysen, umfassender Marktforschung und tiefgreifenden kulturellen Erfahrungen basiert. Dadurch stellt drV sicher, seinen Kunden ein vielf\u00e4ltiges und nachhaltiges Produktportfolio anzubieten.<\/sr7-txt>\n\t\t\t\t\t\t\t<sr7-txt id=\"SR7_1_1-10-9\" class=\"sr7-layer\">Wachtumsberater f\u00fchrender Lebensmittelkonzerne<\/sr7-txt>\n\t\t\t\t\t\t<\/sr7-slide>\n\t\t\t\t\t\t<sr7-slide id=\"SR7_1_1-7\" data-key=\"7\">\n\t\t\t\t\t\t<\/sr7-slide>\n\t\t\t\t\t<\/sr7-content>\n\t\t\t\t\t<image_lists style=\"display:none\">\n\t\t\t\t\t\t<img data-src=\"\/\/drv.trading\/wp-content\/uploads\/2025\/12\/drv_s1-scaled.png\" data-libid=\"5414\" data-lib=\"medialibrary\" title=\"drv_s1\" width=\"0\" height=\"0\" data-dbsrc=\"Ly9kcnYudHJhZGluZy93cC1jb250ZW50L3VwbG9hZHMvMjAyNS8xMi9kcnZfczEtc2NhbGVkLnBuZw==\"\/>\n\t\t\t\t\t\t<img data-src=\"\/\/drv.trading\/wp-content\/uploads\/2024\/06\/right-from-producer.jpg\" data-libid=\"5022\" data-lib=\"medialibrary\" title=\"right from producer\" width=\"0\" height=\"0\" data-dbsrc=\"Ly9kcnYudHJhZGluZy93cC1jb250ZW50L3VwbG9hZHMvMjAyNC8wNi9yaWdodC1mcm9tLXByb2R1Y2VyLmpwZw==\"\/>\n\t\t\t\t\t\t<img data-src=\"\/\/drv.trading\/wp-content\/uploads\/2024\/09\/growth.jpg\" data-libid=\"5354\" data-lib=\"medialibrary\" title=\"growth\" width=\"0\" height=\"0\" data-dbsrc=\"Ly9kcnYudHJhZGluZy93cC1jb250ZW50L3VwbG9hZHMvMjAyNC8wOS9ncm93dGguanBn\"\/>\n\t\t\t\t\t<\/image_lists>\n\t\t\t\t<\/sr7-module>\n\t\t\t\t<script>\n\t\t\t\t\tSR7.PMH ??={}; SR7.PMH[\"SR7_1_1\"] = {cn:0,state:false,fn: function() { if (_tpt!==undefined && _tpt.prepareModuleHeight !== undefined) {  _tpt.prepareModuleHeight({id:\"SR7_1_1\",el:[809,809,600,630,600],type:'standard',shdw:'0',gh:[809,809,600,630,600],gw:[1200,1200,1024,768,480],vpt:['100px&#039;,&#039;100px&#039;,&#039;100px&#039;,&#039;100px&#039;,&#039;100px'],size:{fullWidth:true, fullHeight:false},mh:'0',onh:0,onw:0,bg:{color:'{\"type\":\"solid\",\"orig\":\"#0c0000\",\"string\":\"rgba(12, 0, 0, 1)\"}'},plType:'0',plColor:'#FFFFFF'});   SR7.PMH[\"SR7_1_1\"].state=true;} else if((SR7.PMH[\"SR7_1_1\"].cn++)<100)\tsetTimeout( SR7.PMH[\"SR7_1_1\"].fn,19);}};SR7.PMH[\"SR7_1_1\" ].fn();\n\t\t\t\t<\/script>\n<\/div>\n\n\t\t\t\t\t\t<\/div>\n\t\t\t\t<\/div>\n\t\t\t\t\t<\/div>\n\t\t<\/div>\n\t\t\t\t\t<\/div>\n\t\t<\/section>\n\t\t<div class=\"elementor-element elementor-element-8f9920d e-flex e-con-boxed e-con e-parent\" data-id=\"8f9920d\" data-element_type=\"container\">\n\t\t\t\t\t<div class=\"e-con-inner\">\n\t\t\t\t<div class=\"elementor-element elementor-element-18c70b0 elementor-widget elementor-widget-heading\" data-id=\"18c70b0\" data-element_type=\"widget\" id=\"our-product-line\" data-widget_type=\"heading.default\">\n\t\t\t\t<div class=\"elementor-widget-container\">\n\t\t\t\t\t<h2 class=\"elementor-heading-title elementor-size-default\">Unser Sortiment<\/h2>\t\t\t\t<\/div>\n\t\t\t\t<\/div>\n\t\t\t\t<div class=\"elementor-element elementor-element-84c3b38 elementor-widget elementor-widget-ipfilter\" data-id=\"84c3b38\" data-element_type=\"widget\" data-widget_type=\"ipfilter.default\">\n\t\t\t\t<div class=\"elementor-widget-container\">\n\t\t\t\t\t\r\n\t\t<div class=\"project-filter-wrapper\">\r\n\t                \t\t<ul class=\"project_filters\">\r\n        \t\t\t        \t\t\t \t<li><a href=\"#\" data-filter=\"*\" class=\"selected\">Alle<\/a><\/li>\r\n        \t\t\t\t                \t                    <li><a href='#' data-filter='.category-34'>Chemikalien<\/a><\/li>\t                    \r\n\t                \t                    <li><a href='#' data-filter='.category-39'>Kleidung<\/a><\/li>\t                    \r\n\t                \t                    <li><a href='#' data-filter='.category-33'>Fette &amp; \u00d6le<\/a><\/li>\t                    \r\n\t                \t                    <li><a href='#' data-filter='.category-32'>Lebensmittel<\/a><\/li>\t                    \r\n\t                \t                    <li><a href='#' data-filter='.category-35'>Haushalt<\/a><\/li>\t                    \r\n\t                \t                    <li><a href='#' data-filter='.category-37'>Mobilit\u00e4t<\/a><\/li>\t                    \r\n\t                \t                    <li><a href='#' data-filter='.category-36'>Pflegeprodukte<\/a><\/li>\t                    \r\n\t                \t                    <li><a href='#' data-filter='.category-40'>Snacks<\/a><\/li>\t                    \r\n\t                \t\t\t\t<\/ul>\r\n\t        \r\n\t        <div class=\"projects-grid projects-style-1 pf_5_cols\">\r\n\t        \t\r\n\t            \r\n\t            \t<div class=\"project-item category-40\">\r\n\t\t\t\t\t\t<div class=\"projects-box\">\r\n\t\t\t\t\t\t\t<div class=\"projects-thumbnail\">\r\n\t\t\t\t\t\t\t\t<a href=\"https:\/\/drv.trading\/de\/portfolio\/chocolate\/\">\r\n\t\t\t\t\t\t\t\t\t<img loading=\"lazy\" decoding=\"async\" width=\"640\" height=\"360\" src=\"https:\/\/drv.trading\/wp-content\/uploads\/2024\/09\/chocolate.jpg\" class=\"attachment-engitech-portfolio-thumbnail-grid size-engitech-portfolio-thumbnail-grid wp-post-image\" alt=\"\" srcset=\"https:\/\/drv.trading\/wp-content\/uploads\/2024\/09\/chocolate.jpg 640w, https:\/\/drv.trading\/wp-content\/uploads\/2024\/09\/chocolate-300x169.jpg 300w\" sizes=\"(max-width: 640px) 100vw, 640px\" \/>\t\t\t\t\t\t\t\t<\/a>\r\n\t\t\t\t\t\t\t<\/div>\r\n\t\t\t\t\t\t\t<div class=\"portfolio-info\">\r\n\t\t\t\t\t\t\t\t<a class=\"overlay\" href=\"https:\/\/drv.trading\/de\/portfolio\/chocolate\/\"><\/a>\t\t\t\t\t\t\t\t<div class=\"portfolio-info-inner\">\r\n\t\t\t\t\t\t\t\t\t<h5><a href=\"https:\/\/drv.trading\/de\/portfolio\/chocolate\/\">Schokolade<\/a><\/h5>\r\n\t\t\t\t\t\t\t\t\t<p class=\"portfolio-cates\"><a href=\"https:\/\/drv.trading\/de\/portfolio-category\/snacks\/\">Snacks<\/a><span>\/<\/span><\/p> \r\n\t\t\t\t\t\t\t\t<\/div>\r\n\t\t\t\t\t\t\t<\/div>\r\n\t\t\t\t\t\t<\/div>\r\n\t\t\t\t\t<\/div>\r\n\r\n\t            \r\n\t            \t<div class=\"project-item category-40\">\r\n\t\t\t\t\t\t<div class=\"projects-box\">\r\n\t\t\t\t\t\t\t<div class=\"projects-thumbnail\">\r\n\t\t\t\t\t\t\t\t<a href=\"https:\/\/drv.trading\/de\/portfolio\/cookies\/\">\r\n\t\t\t\t\t\t\t\t\t<img loading=\"lazy\" decoding=\"async\" width=\"640\" height=\"427\" src=\"https:\/\/drv.trading\/wp-content\/uploads\/2024\/09\/cookies.jpg\" class=\"attachment-engitech-portfolio-thumbnail-grid size-engitech-portfolio-thumbnail-grid wp-post-image\" alt=\"\" srcset=\"https:\/\/drv.trading\/wp-content\/uploads\/2024\/09\/cookies.jpg 640w, https:\/\/drv.trading\/wp-content\/uploads\/2024\/09\/cookies-300x200.jpg 300w\" sizes=\"(max-width: 640px) 100vw, 640px\" \/>\t\t\t\t\t\t\t\t<\/a>\r\n\t\t\t\t\t\t\t<\/div>\r\n\t\t\t\t\t\t\t<div class=\"portfolio-info\">\r\n\t\t\t\t\t\t\t\t<a class=\"overlay\" href=\"https:\/\/drv.trading\/de\/portfolio\/cookies\/\"><\/a>\t\t\t\t\t\t\t\t<div class=\"portfolio-info-inner\">\r\n\t\t\t\t\t\t\t\t\t<h5><a href=\"https:\/\/drv.trading\/de\/portfolio\/cookies\/\">Kekse<\/a><\/h5>\r\n\t\t\t\t\t\t\t\t\t<p class=\"portfolio-cates\"><a href=\"https:\/\/drv.trading\/de\/portfolio-category\/snacks\/\">Snacks<\/a><span>\/<\/span><\/p> \r\n\t\t\t\t\t\t\t\t<\/div>\r\n\t\t\t\t\t\t\t<\/div>\r\n\t\t\t\t\t\t<\/div>\r\n\t\t\t\t\t<\/div>\r\n\r\n\t            \r\n\t            \t<div class=\"project-item category-40\">\r\n\t\t\t\t\t\t<div class=\"projects-box\">\r\n\t\t\t\t\t\t\t<div class=\"projects-thumbnail\">\r\n\t\t\t\t\t\t\t\t<a href=\"https:\/\/drv.trading\/de\/portfolio\/protein-bars\/\">\r\n\t\t\t\t\t\t\t\t\t<img loading=\"lazy\" decoding=\"async\" width=\"640\" height=\"376\" src=\"https:\/\/drv.trading\/wp-content\/uploads\/2024\/09\/protein-bar.jpg\" class=\"attachment-engitech-portfolio-thumbnail-grid size-engitech-portfolio-thumbnail-grid wp-post-image\" alt=\"\" srcset=\"https:\/\/drv.trading\/wp-content\/uploads\/2024\/09\/protein-bar.jpg 640w, https:\/\/drv.trading\/wp-content\/uploads\/2024\/09\/protein-bar-300x176.jpg 300w\" sizes=\"(max-width: 640px) 100vw, 640px\" \/>\t\t\t\t\t\t\t\t<\/a>\r\n\t\t\t\t\t\t\t<\/div>\r\n\t\t\t\t\t\t\t<div class=\"portfolio-info\">\r\n\t\t\t\t\t\t\t\t<a class=\"overlay\" href=\"https:\/\/drv.trading\/de\/portfolio\/protein-bars\/\"><\/a>\t\t\t\t\t\t\t\t<div class=\"portfolio-info-inner\">\r\n\t\t\t\t\t\t\t\t\t<h5><a href=\"https:\/\/drv.trading\/de\/portfolio\/protein-bars\/\">Proteinriegel<\/a><\/h5>\r\n\t\t\t\t\t\t\t\t\t<p class=\"portfolio-cates\"><a href=\"https:\/\/drv.trading\/de\/portfolio-category\/snacks\/\">Snacks<\/a><span>\/<\/span><\/p> \r\n\t\t\t\t\t\t\t\t<\/div>\r\n\t\t\t\t\t\t\t<\/div>\r\n\t\t\t\t\t\t<\/div>\r\n\t\t\t\t\t<\/div>\r\n\r\n\t            \r\n\t            \t<div class=\"project-item category-40\">\r\n\t\t\t\t\t\t<div class=\"projects-box\">\r\n\t\t\t\t\t\t\t<div class=\"projects-thumbnail\">\r\n\t\t\t\t\t\t\t\t<a href=\"https:\/\/drv.trading\/de\/portfolio\/biscuits\/\">\r\n\t\t\t\t\t\t\t\t\t<img loading=\"lazy\" decoding=\"async\" width=\"639\" height=\"428\" src=\"https:\/\/drv.trading\/wp-content\/uploads\/2024\/09\/biscuits.jpg\" class=\"attachment-engitech-portfolio-thumbnail-grid size-engitech-portfolio-thumbnail-grid wp-post-image\" alt=\"\" srcset=\"https:\/\/drv.trading\/wp-content\/uploads\/2024\/09\/biscuits.jpg 639w, https:\/\/drv.trading\/wp-content\/uploads\/2024\/09\/biscuits-300x201.jpg 300w\" sizes=\"(max-width: 639px) 100vw, 639px\" \/>\t\t\t\t\t\t\t\t<\/a>\r\n\t\t\t\t\t\t\t<\/div>\r\n\t\t\t\t\t\t\t<div class=\"portfolio-info\">\r\n\t\t\t\t\t\t\t\t<a class=\"overlay\" href=\"https:\/\/drv.trading\/de\/portfolio\/biscuits\/\"><\/a>\t\t\t\t\t\t\t\t<div class=\"portfolio-info-inner\">\r\n\t\t\t\t\t\t\t\t\t<h5><a href=\"https:\/\/drv.trading\/de\/portfolio\/biscuits\/\">Biscuits<\/a><\/h5>\r\n\t\t\t\t\t\t\t\t\t<p class=\"portfolio-cates\"><a href=\"https:\/\/drv.trading\/de\/portfolio-category\/snacks\/\">Snacks<\/a><span>\/<\/span><\/p> \r\n\t\t\t\t\t\t\t\t<\/div>\r\n\t\t\t\t\t\t\t<\/div>\r\n\t\t\t\t\t\t<\/div>\r\n\t\t\t\t\t<\/div>\r\n\r\n\t            \r\n\t            \t<div class=\"project-item category-32\">\r\n\t\t\t\t\t\t<div class=\"projects-box\">\r\n\t\t\t\t\t\t\t<div class=\"projects-thumbnail\">\r\n\t\t\t\t\t\t\t\t<a href=\"https:\/\/drv.trading\/de\/portfolio\/black-tea\/\">\r\n\t\t\t\t\t\t\t\t\t<img loading=\"lazy\" decoding=\"async\" width=\"720\" height=\"720\" src=\"https:\/\/drv.trading\/wp-content\/uploads\/2019\/11\/black-tea-720x720.png\" class=\"attachment-engitech-portfolio-thumbnail-grid size-engitech-portfolio-thumbnail-grid wp-post-image\" alt=\"\" srcset=\"https:\/\/drv.trading\/wp-content\/uploads\/2019\/11\/black-tea-720x720.png 720w, https:\/\/drv.trading\/wp-content\/uploads\/2019\/11\/black-tea-150x150.png 150w\" sizes=\"(max-width: 720px) 100vw, 720px\" \/>\t\t\t\t\t\t\t\t<\/a>\r\n\t\t\t\t\t\t\t<\/div>\r\n\t\t\t\t\t\t\t<div class=\"portfolio-info\">\r\n\t\t\t\t\t\t\t\t<a class=\"overlay\" href=\"https:\/\/drv.trading\/de\/portfolio\/black-tea\/\"><\/a>\t\t\t\t\t\t\t\t<div class=\"portfolio-info-inner\">\r\n\t\t\t\t\t\t\t\t\t<h5><a href=\"https:\/\/drv.trading\/de\/portfolio\/black-tea\/\">Schwarzer Tee<\/a><\/h5>\r\n\t\t\t\t\t\t\t\t\t<p class=\"portfolio-cates\"><a href=\"https:\/\/drv.trading\/de\/portfolio-category\/fresh_produce\/\">Lebensmittel<\/a><span>\/<\/span><\/p> \r\n\t\t\t\t\t\t\t\t<\/div>\r\n\t\t\t\t\t\t\t<\/div>\r\n\t\t\t\t\t\t<\/div>\r\n\t\t\t\t\t<\/div>\r\n\r\n\t            \r\n\t            \t<div class=\"project-item category-32\">\r\n\t\t\t\t\t\t<div class=\"projects-box\">\r\n\t\t\t\t\t\t\t<div class=\"projects-thumbnail\">\r\n\t\t\t\t\t\t\t\t<a href=\"https:\/\/drv.trading\/de\/portfolio\/pistachio\/\">\r\n\t\t\t\t\t\t\t\t\t<img loading=\"lazy\" decoding=\"async\" width=\"720\" height=\"720\" src=\"https:\/\/drv.trading\/wp-content\/uploads\/2024\/06\/pistachio-720x720.png\" class=\"attachment-engitech-portfolio-thumbnail-grid size-engitech-portfolio-thumbnail-grid wp-post-image\" alt=\"\" srcset=\"https:\/\/drv.trading\/wp-content\/uploads\/2024\/06\/pistachio-720x720.png 720w, https:\/\/drv.trading\/wp-content\/uploads\/2024\/06\/pistachio-150x150.png 150w\" sizes=\"(max-width: 720px) 100vw, 720px\" \/>\t\t\t\t\t\t\t\t<\/a>\r\n\t\t\t\t\t\t\t<\/div>\r\n\t\t\t\t\t\t\t<div class=\"portfolio-info\">\r\n\t\t\t\t\t\t\t\t<a class=\"overlay\" href=\"https:\/\/drv.trading\/de\/portfolio\/pistachio\/\"><\/a>\t\t\t\t\t\t\t\t<div class=\"portfolio-info-inner\">\r\n\t\t\t\t\t\t\t\t\t<h5><a href=\"https:\/\/drv.trading\/de\/portfolio\/pistachio\/\">Pistazien<\/a><\/h5>\r\n\t\t\t\t\t\t\t\t\t<p class=\"portfolio-cates\"><a href=\"https:\/\/drv.trading\/de\/portfolio-category\/fresh_produce\/\">Lebensmittel<\/a><span>\/<\/span><\/p> \r\n\t\t\t\t\t\t\t\t<\/div>\r\n\t\t\t\t\t\t\t<\/div>\r\n\t\t\t\t\t\t<\/div>\r\n\t\t\t\t\t<\/div>\r\n\r\n\t            \t        <\/div>\r\n\t    <\/div>\r\n\r\n\t    \t\t\t\t<\/div>\n\t\t\t\t<\/div>\n\t\t\t\t\t<\/div>\n\t\t\t\t<\/div>\n\t\t<div class=\"elementor-element elementor-element-a3f1918 e-flex e-con-boxed e-con e-parent\" data-id=\"a3f1918\" data-element_type=\"container\" data-settings=\"{&quot;background_background&quot;:&quot;classic&quot;}\">\n\t\t\t\t\t<div class=\"e-con-inner\">\n\t\t\t\t<div class=\"elementor-element elementor-element-eab9c4b elementor-widget elementor-widget-heading\" data-id=\"eab9c4b\" data-element_type=\"widget\" id=\"customers\" data-widget_type=\"heading.default\">\n\t\t\t\t<div class=\"elementor-widget-container\">\n\t\t\t\t\t<h2 class=\"elementor-heading-title elementor-size-default\">Unsere Kunden<\/h2>\t\t\t\t<\/div>\n\t\t\t\t<\/div>\n\t\t\t\t<div class=\"elementor-element elementor-element-de13144 elementor-arrows-position-outside elementor-pagination-position-outside elementor-widget elementor-widget-image-carousel\" data-id=\"de13144\" data-element_type=\"widget\" data-settings=\"{&quot;slides_to_show&quot;:&quot;3&quot;,&quot;navigation&quot;:&quot;both&quot;,&quot;autoplay&quot;:&quot;yes&quot;,&quot;pause_on_hover&quot;:&quot;yes&quot;,&quot;pause_on_interaction&quot;:&quot;yes&quot;,&quot;autoplay_speed&quot;:5000,&quot;infinite&quot;:&quot;yes&quot;,&quot;speed&quot;:500}\" data-widget_type=\"image-carousel.default\">\n\t\t\t\t<div class=\"elementor-widget-container\">\n\t\t\t\t\t\t\t<div class=\"elementor-image-carousel-wrapper swiper\" role=\"region\" aria-roledescription=\"carousel\" aria-label=\"Image Carousel\" dir=\"ltr\">\n\t\t\t<div class=\"elementor-image-carousel swiper-wrapper\" aria-live=\"off\">\n\t\t\t\t\t\t\t\t<div class=\"swiper-slide\" role=\"group\" aria-roledescription=\"slide\" aria-label=\"1 von 3\" data-no-translation-aria-label=\"\"><figure class=\"swiper-slide-inner\"><img decoding=\"async\" class=\"swiper-slide-image\" src=\"https:\/\/drv.trading\/wp-content\/uploads\/2024\/06\/HOFER-bw-150x150.png\" alt=\"HOFER b&amp;w\" \/><\/figure><\/div><div class=\"swiper-slide\" role=\"group\" aria-roledescription=\"slide\" aria-label=\"2 von 3\" data-no-translation-aria-label=\"\"><figure class=\"swiper-slide-inner\"><img decoding=\"async\" class=\"swiper-slide-image\" src=\"https:\/\/drv.trading\/wp-content\/uploads\/2024\/06\/woolworth-rectangular-150x150.png\" alt=\"woolworth rectangular\" \/><\/figure><\/div><div class=\"swiper-slide\" role=\"group\" aria-roledescription=\"slide\" aria-label=\"3 von 3\" data-no-translation-aria-label=\"\"><figure class=\"swiper-slide-inner\"><img decoding=\"async\" class=\"swiper-slide-image\" src=\"https:\/\/drv.trading\/wp-content\/uploads\/2024\/06\/costco-150x150.png\" alt=\"costco\" \/><\/figure><\/div>\t\t\t<\/div>\n\t\t\t\t\t\t\t\t\t\t\t\t<div class=\"elementor-swiper-button elementor-swiper-button-prev\" role=\"button\" tabindex=\"0\">\n\t\t\t\t\t\t<svg aria-hidden=\"true\" class=\"e-font-icon-svg e-eicon-chevron-left\" viewbox=\"0 0 1000 1000\" xmlns=\"http:\/\/www.w3.org\/2000\/svg\"><path d=\"M646 125C629 125 613 133 604 142L308 442C296 454 292 471 292 487 292 504 296 521 308 533L604 854C617 867 629 875 646 875 663 875 679 871 692 858 704 846 713 829 713 812 713 796 708 779 692 767L438 487 692 225C700 217 708 204 708 187 708 171 704 154 692 142 675 129 663 125 646 125Z\"><\/path><\/svg>\t\t\t\t\t<\/div>\n\t\t\t\t\t<div class=\"elementor-swiper-button elementor-swiper-button-next\" role=\"button\" tabindex=\"0\">\n\t\t\t\t\t\t<svg aria-hidden=\"true\" class=\"e-font-icon-svg e-eicon-chevron-right\" viewbox=\"0 0 1000 1000\" xmlns=\"http:\/\/www.w3.org\/2000\/svg\"><path d=\"M696 533C708 521 713 504 713 487 713 471 708 454 696 446L400 146C388 133 375 125 354 125 338 125 325 129 313 142 300 154 292 171 292 187 292 204 296 221 308 233L563 492 304 771C292 783 288 800 288 817 288 833 296 850 308 863 321 871 338 875 354 875 371 875 388 867 400 854L696 533Z\"><\/path><\/svg>\t\t\t\t\t<\/div>\n\t\t\t\t\n\t\t\t\t\t\t\t\t\t<div class=\"swiper-pagination\"><\/div>\n\t\t\t\t\t\t\t\t\t<\/div>\n\t\t\t\t\t\t<\/div>\n\t\t\t\t<\/div>\n\t\t\t\t\t<\/div>\n\t\t\t\t<\/div>\n\t\t<div class=\"elementor-element elementor-element-3bb67b4 e-flex e-con-boxed e-con e-parent\" data-id=\"3bb67b4\" data-element_type=\"container\" data-settings=\"{&quot;background_background&quot;:&quot;gradient&quot;}\">\n\t\t\t\t\t<div class=\"e-con-inner\">\n\t\t\t\t<div class=\"elementor-element elementor-element-0a1acfa elementor-widget elementor-widget-heading\" data-id=\"0a1acfa\" data-element_type=\"widget\" data-widget_type=\"heading.default\">\n\t\t\t\t<div class=\"elementor-widget-container\">\n\t\t\t\t\t<h2 class=\"elementor-heading-title elementor-size-default\">Sourcing Partners<\/h2>\t\t\t\t<\/div>\n\t\t\t\t<\/div>\n\t\t\t\t<div class=\"elementor-element elementor-element-95fd70a elementor-arrows-position-inside elementor-pagination-position-outside elementor-widget elementor-widget-image-carousel\" data-id=\"95fd70a\" data-element_type=\"widget\" data-settings=\"{&quot;slides_to_show&quot;:&quot;1&quot;,&quot;navigation&quot;:&quot;both&quot;,&quot;autoplay&quot;:&quot;yes&quot;,&quot;pause_on_hover&quot;:&quot;yes&quot;,&quot;pause_on_interaction&quot;:&quot;yes&quot;,&quot;autoplay_speed&quot;:5000,&quot;infinite&quot;:&quot;yes&quot;,&quot;effect&quot;:&quot;slide&quot;,&quot;speed&quot;:500}\" data-widget_type=\"image-carousel.default\">\n\t\t\t\t<div class=\"elementor-widget-container\">\n\t\t\t\t\t\t\t<div class=\"elementor-image-carousel-wrapper swiper\" role=\"region\" aria-roledescription=\"carousel\" aria-label=\"Image Carousel\" dir=\"ltr\">\n\t\t\t<div class=\"elementor-image-carousel swiper-wrapper\" aria-live=\"off\">\n\t\t\t\t\t\t\t\t<div class=\"swiper-slide\" role=\"group\" aria-roledescription=\"slide\" aria-label=\"1 von 1\" data-no-translation-aria-label=\"\"><figure class=\"swiper-slide-inner\"><img decoding=\"async\" class=\"swiper-slide-image\" src=\"https:\/\/drv.trading\/wp-content\/uploads\/2024\/06\/rezonans-logo-white-black-background-150x150.png\" alt=\"rezonans - logo white - black background\" \/><\/figure><\/div>\t\t\t<\/div>\n\t\t\t\t\t<\/div>\n\t\t\t\t\t\t<\/div>\n\t\t\t\t<\/div>\n\t\t\t\t\t<\/div>\n\t\t\t\t<\/div>\n\t\t<div class=\"elementor-element elementor-element-10b4f7d e-flex e-con-boxed e-con e-parent\" data-id=\"10b4f7d\" data-element_type=\"container\">\n\t\t\t\t\t<div class=\"e-con-inner\">\n\t\t\t\t<div class=\"elementor-element elementor-element-cb0da87 elementor-widget elementor-widget-heading\" data-id=\"cb0da87\" data-element_type=\"widget\" id=\"founding-team\" data-widget_type=\"heading.default\">\n\t\t\t\t<div class=\"elementor-widget-container\">\n\t\t\t\t\t<h2 class=\"elementor-heading-title elementor-size-default\">Gr\u00fcnderteam<\/h2>\t\t\t\t<\/div>\n\t\t\t\t<\/div>\n\t\t\t\t<div class=\"elementor-element elementor-element-8bb7738 elementor-widget elementor-widget-imembercarousel\" data-id=\"8bb7738\" data-element_type=\"widget\" data-widget_type=\"imembercarousel.default\">\n\t\t\t\t<div class=\"elementor-widget-container\">\n\t\t\t\t\t\r\n\t\t\r\n\t\t<div class=\"ot-team-slider\" data-show=\"2\" data-scroll=\"1\" data-dots=\"true\" data-arrow=\"true\" data-arrow-pos=\"mid\">\r\n\r\n\t\t\t\t\t\t<div>\r\n\t\t\t\t<div class=\"ot-team\">\r\n\t\t\t\t\t\t\t\t\t\t<div class=\"ot-team__thumb\">\r\n\t\t\t\t\t\t<img decoding=\"async\" src=\"https:\/\/drv.trading\/wp-content\/uploads\/2024\/06\/Johann-150x150.png\" alt=\"John Shimshack\">\t\t\t\t\t<\/div>\r\n\t\t\t\t\t\t\t\t\t\t<div class=\"ot-team__info\">\r\n\t\t\t\t\t\t<h5 class=\"tname\">John Shimshack<\/h5>\t\t\t\t\t\t<span>Partner<\/span>\t\t\t\t\t\t<p>John ist Mitgr\u00fcnder von f\u00fcnf erfolgreichen Technologie-Start-ups in den Bereichen Cyber-Security sowie dem Markt- und Finanzwesen. Mit seiner umfassenden Erfahrung in der Digitalisierung hat er sich zuletzt auf die internationale Handelsbranche spezialisiert, in welcher er sich der Bek\u00e4mpfung k\u00fcnstlich verursachter Inflation widmet.<\/p>\r\n\t\t\t\t\t\t\t\t\t\t\t\t<div class=\"team-social\">\r\n\t\t\t\t\t\t\t<a href=\"https:\/\/www.linkedin.com\/in\/JohnShimshack\"><i class=\"fab fa-linkedin\"><\/i><\/a>\t                       \t<a href=\"https:\/\/www.x.com\/JohnShimshack\"><i class=\"fab fa-x-twitter-square\"><\/i><\/a>\t\t\t\t\t\t\t<a href=\"https:\/\/www.instagram.com\/John.Shimshack\/\"><i class=\"fab fa-instagram\"><\/i><\/a>\t\t\t\t\t\t<\/div>\r\n\t\t\t\t\t\t\r\n\t\t\t\t\t<\/div>\r\n\t\t\t\t<\/div>\r\n\t\t\t<\/div>\r\n\t\t\t\t\t\t<div>\r\n\t\t\t\t<div class=\"ot-team\">\r\n\t\t\t\t\t\t\t\t\t\t<div class=\"ot-team__thumb\">\r\n\t\t\t\t\t\t<img decoding=\"async\" src=\"https:\/\/drv.trading\/wp-content\/uploads\/2024\/06\/LM-150x150.png\" alt=\"Lukas Mayer\">\t\t\t\t\t<\/div>\r\n\t\t\t\t\t\t\t\t\t\t<div class=\"ot-team__info\">\r\n\t\t\t\t\t\t<h5 class=\"tname\">Lukas Mayer<\/h5>\t\t\t\t\t\t<span>Partner<\/span>\t\t\t\t\t\t<p>In den letzten sieben Jahre verantwortete Lukas bei PwC Immobilien-Transaktionen im Einzelhandels-Sektor mit einem Volumen von \u00fcber 1,5 Milliarden Euro. Nach Gr\u00fcndung seiner eigenen Immobilien-Transaktionsberatung konzentriert er sich nun ebenfalls auf die Bereiche Operations und Beschaffung bei drV in der Einzelhandelsbranche.<\/p>\r\n\t\t\t\t\t\t\t\t\t\t\t\t<div class=\"team-social\">\r\n\t\t\t\t\t\t\t\t                       \t<a ><i class=\"fab fa-linkedin\"><\/i><\/a>\t\t\t\t\t\t\t\t\t\t\t\t\t<\/div>\r\n\t\t\t\t\t\t\r\n\t\t\t\t\t<\/div>\r\n\t\t\t\t<\/div>\r\n\t\t\t<\/div>\r\n\t\t\t\t\t<\/div>\r\n\t        \r\n\t    \t\t\t\t<\/div>\n\t\t\t\t<\/div>\n\t\t\t\t\t<\/div>\n\t\t\t\t<\/div>\n\t\t\t\t<\/div>","protected":false},"excerpt":{"rendered":"<p>Our Product Lines All Chemicals Clothing Fats and Oils Fresh Produce Household Items Mobility Personal Care Snacks Chocolate Snacks\/ Cookies Snacks\/ Protein Bars Snacks\/ Biscuits Snacks\/ Black Tea Fresh Produce\/ Pistachio Fresh Produce\/ eMobility Mobility\/ Nuts Fresh Produce\/Snacks\/ Car Care Products Chemicals\/Mobility\/ Home Care Products Chemicals\/Household Items\/ Personal Care &#038; Skin Care Products Chemicals\/Personal Care\/ [&hellip;]<\/p>","protected":false},"author":1,"featured_media":0,"parent":0,"menu_order":0,"comment_status":"closed","ping_status":"closed","template":"","meta":{"footnotes":""},"class_list":["post-2274","page","type-page","status-publish","hentry"],"jetpack_sharing_enabled":true,"_links":{"self":[{"href":"https:\/\/drv.trading\/de\/wp-json\/wp\/v2\/pages\/2274","targetHints":{"allow":["GET"]}}],"collection":[{"href":"https:\/\/drv.trading\/de\/wp-json\/wp\/v2\/pages"}],"about":[{"href":"https:\/\/drv.trading\/de\/wp-json\/wp\/v2\/types\/page"}],"author":[{"embeddable":true,"href":"https:\/\/drv.trading\/de\/wp-json\/wp\/v2\/users\/1"}],"replies":[{"embeddable":true,"href":"https:\/\/drv.trading\/de\/wp-json\/wp\/v2\/comments?post=2274"}],"version-history":[{"count":85,"href":"https:\/\/drv.trading\/de\/wp-json\/wp\/v2\/pages\/2274\/revisions"}],"predecessor-version":[{"id":5422,"href":"https:\/\/drv.trading\/de\/wp-json\/wp\/v2\/pages\/2274\/revisions\/5422"}],"wp:attachment":[{"href":"https:\/\/drv.trading\/de\/wp-json\/wp\/v2\/media?parent=2274"}],"curies":[{"name":"wp","href":"https:\/\/api.w.org\/{rel}","templated":true}]}}